{"id":5,"date":"2021-01-18T08:06:08","date_gmt":"2021-01-18T08:06:08","guid":{"rendered":"https:\/\/goc2020.govmu.org\/rmce\/?page_id=5"},"modified":"2026-05-13T14:54:53","modified_gmt":"2026-05-13T10:54:53","slug":"udesign-welcome","status":"publish","type":"page","link":"https:\/\/rmce.govmu.org\/rmce\/","title":{"rendered":"Home"},"content":{"rendered":"<p>[vc_row css=&#8221;.vc_custom_1611301667900{margin-bottom: 20px !important;}&#8221;][vc_column width=&#8221;1\/4&#8243; css=&#8221;.vc_custom_1611301683904{margin-bottom: 20px !important;}&#8221;][\/vc_column][vc_column css_animation=&#8221;slideInDown&#8221; width=&#8221;1\/2&#8243; css=&#8221;.vc_custom_1611301700448{margin-bottom: 20px !important;}&#8221;][vc_column_text]<\/p>\n<h3 style=\"text-align: center;\"><strong><a href=\"\/rmce\/wp-content\/uploads\/2024\/06\/Tender-for-sale-of-furniture.pdf\" target=\"_blank\" rel=\"noopener\">Tender for sale of furniture<\/a><\/strong><\/h3>\n<p>[\/vc_column_text][\/vc_column][vc_column width=&#8221;1\/4&#8243; css=&#8221;.vc_custom_1611301711376{margin-bottom: 20px !important;}&#8221;][\/vc_column][\/vc_row][vc_row css=&#8221;.vc_custom_1611301667900{margin-bottom: 20px !important;}&#8221;][vc_column width=&#8221;1\/4&#8243; css=&#8221;.vc_custom_1611301683904{margin-bottom: 20px !important;}&#8221;][vc_single_image image=&#8221;343&#8243; img_size=&#8221;189&#215;157&#8243; alignment=&#8221;center&#8221; style=&#8221;vc_box_rounded&#8221; onclick=&#8221;custom_link&#8221; css_animation=&#8221;slideInLeft&#8221; link=&#8221;\/rmce\/?page_id=89&#8243;][\/vc_column][vc_column css_animation=&#8221;slideInDown&#8221; width=&#8221;1\/2&#8243; css=&#8221;.vc_custom_1611301700448{margin-bottom: 20px !important;}&#8221;][vc_gallery type=&#8221;flexslider_slide&#8221; interval=&#8221;5&#8243; images=&#8221;19,20&#8243; img_size=&#8221;large&#8221; css_animation=&#8221;slideInDown&#8221;][\/vc_column][vc_column width=&#8221;1\/4&#8243; css=&#8221;.vc_custom_1611301711376{margin-bottom: 20px !important;}&#8221;][vc_single_image image=&#8221;21&#8243; img_size=&#8221;136&#215;157&#8243; alignment=&#8221;center&#8221; style=&#8221;vc_box_rounded&#8221; onclick=&#8221;custom_link&#8221; css_animation=&#8221;slideInRight&#8221; link=&#8221;\/rmce\/?page_id=44&#8243;][\/vc_column][\/vc_row][vc_row][vc_column css_animation=&#8221;slideInRight&#8221;][vc_column_text]<\/p>\n<div class=\"ms-rteThemeFontFace-2 ms-rteFontSize-2 ms-rteThemeForeColor-2-2\">The Regional Multidisciplinary Centre of Excellence (RMCE) is a regional initiative driven by the Government of Mauritius, and developed in consultation with the EU and World Bank as well as regional blocs, namely COMESA, SADC and IOC member states.<\/div>\n<div class=\"ms-rteThemeFontFace-2 ms-rteFontSize-2 ms-rteThemeForeColor-2-2\">&nbsp;<\/div>\n<div class=\"ms-rteThemeFontFace-2 ms-rteFontSize-2\"><span class=\"ms-rteThemeForeColor-2-2\"><strong>Rationale and Purpose<\/strong><\/span><\/div>\n<div class=\"ms-rteThemeFontFace-2 ms-rteFontSize-2\">\n<div><span class=\"ms-rteThemeForeColor-2-2\">The purpose of the RMCE is to build capacity to formulate and implement regional economic development strategy and policy within the countries of the Region encompassing the Common Market for Eastern and Southern Africa (COMESA), the East African Community (EAC), the Indian Ocean Commission (IOC), the Inter Governmental Authority on Development (IGAD) the Southern Africa Development Community (SADC) and the Small States Network<\/span><\/div>\n<\/div>\n<div class=\"ms-rteThemeFontFace-2 ms-rteFontSize-2\">\n<div>&nbsp;<\/div>\n<div><span lang=\"EN-US\">The aim of the RMCE is to create a world class intellectual resource supporting the process of regional economic integration (REI) in African countries and the Small States on a sustained basis. REI is an area of policy that is rapidly gaining in importance as Africa searches for greater integration, as reflected not only in the Continent-wide organizations such as the AU, but in the establishment of a number of Regional Economic Communities. Up to now the topics of REI have been partially and sporadically covered in some Regional Institutions and at National level, but the RMCE will bring the whole body of knowledge and experience together and act as an informational and advisory centre and a catalyst for the building of capacity in this area.<\/span><\/div>\n<\/div>\n<p>[\/vc_column_text][\/vc_column][\/vc_row][vc_row css=&#8221;.vc_custom_1629260723892{margin-top: 50px !important;}&#8221;][vc_column][vc_column_text]<strong>Signature of the Mutual Recognition Agreement (MRA) between the Competent Authorities for Professional Accountants and Auditors<\/strong><\/p>\n<p>The Financial Reporting Council (FRC) and the Mauritius Institute of Professional Accountants (MIPA), being the Competent Authorities for Professional Accountants and Auditors of Mauritius, will on a virtual ceremony on 23rd August 2021 jointly sign the Mutual Recognition Agreement (MRA) between the Competent Authorities for Professional Accountants and Auditors of the APEI Countries that would:<\/p>\n<p>(i)&nbsp;&nbsp;&nbsp;&nbsp; facilitate the movement of Professional Accountants and Auditors among the APEI Countries;<\/p>\n<p>(ii)&nbsp;&nbsp;&nbsp; establish mutual recognition of Professional Accountants&#8217; and Auditors&#8217; qualifications; and<\/p>\n<p>(iii)&nbsp;&nbsp; encourage the adoption of high standards of practice and commitment to professional development in the accountancy profession in APEI Countries. The MRA has already been signed by Malawi, Mozambique and Zambia.<\/p>\n<p>Download: <a href=\"\/rmce\/wp-content\/uploads\/2021\/08\/Signed-Mutual-Recognition-Agreement-between-Competent-Authorities-for-Professional-Accountants-and-Auditors-by-Zambia-Malawi-and-Moz.pdf\" target=\"_blank\" rel=\"noopener\">Signed Mutual Recognition Agreement between Competent Authorities for Professional Accountants and Auditors by Zambia Malawi and Moz<\/a><\/p>\n<p>Download: <a href=\"\/rmce\/wp-content\/uploads\/2021\/08\/Agenda-MRA-Signing-Ceremony.pdf\" target=\"_blank\" rel=\"noopener\">Agenda MRA Signing Ceremony<\/a><\/p>\n<p><a href=\"https:\/\/www.facebook.com\/107005147753802\/posts\/356297812824533\/\" target=\"_blank\" rel=\"noopener\">Click here to view Link<\/a>[\/vc_column_text][\/vc_column][\/vc_row][vc_row css=&#8221;.vc_custom_1630303526164{margin-top: 20px !important;}&#8221;][vc_column width=&#8221;1\/2&#8243;][vc_single_image image=&#8221;403&#8243; img_size=&#8221;large&#8221; alignment=&#8221;center&#8221; style=&#8221;vc_box_rounded&#8221; onclick=&#8221;link_image&#8221; css_animation=&#8221;bounceIn&#8221; css=&#8221;.vc_custom_1630303542448{margin-top: 10px !important;}&#8221;][\/vc_column][vc_column width=&#8221;1\/2&#8243;][vc_single_image image=&#8221;404&#8243; img_size=&#8221;large&#8221; alignment=&#8221;center&#8221; style=&#8221;vc_box_rounded&#8221; onclick=&#8221;link_image&#8221; css_animation=&#8221;bounceIn&#8221; css=&#8221;.vc_custom_1630303555526{margin-top: 10px !important;}&#8221;][\/vc_column][\/vc_row][vc_row disable_element=&#8221;yes&#8221;][vc_column][vc_column_text css_animation=&#8221;slideInRight&#8221;]<\/p>\n<div style=\"color: #000 !important; text-align: justify;\">\n<p><strong>TARGETTED SUPPORT FOR POST COVID 19 RECOVERY IN APEI AND IOC COUNTRIES<\/strong><\/p>\n<p><strong>C<\/strong>urrently, all countries in Africa are being impacted by the COVID 19. Given the constraints of our countries,&nbsp; Accelerated Programme for Economic Integration (APEI) and Indian Ocean Commission (IOC) countries are&nbsp; working&nbsp; together to develop targeted and creative responses with the support of development partners.<\/p>\n<p>The RMCE is collaborating with the World Bank to enable interested APEI and IOC countries to move quickly to contain the epidemic and strengthen their health care system whilst supporting their most vulnerable populations.<\/p>\n<p>The RMCE is working&nbsp; with World Bank Task Team Leaders (TTLs), resident missions and nominated country officials to validate the capacity of the private sector in the different countries to meet the various gaps that may exist in testing and Protective Personal Gear.&nbsp; A regional solution will be more efficient than each country working alone and may allow for synergies if peaks in different countries come at different times.<\/p>\n<p>The RMCE, with support from the World Bank will provide the following to the interested country.<\/p>\n<\/div>\n<div style=\"color: #000 !important; text-align: justify;\">\n<p><strong>1.&nbsp;<\/strong><strong>Peer learning and peer support<\/strong><br \/>\nThis would enable countries to learn from each other what works in the post-COVID reopening. The RMCE is undertaking Private\/Public collaboration that could be useful for others to draw on<\/p>\n<p><strong>2. Testing<\/strong><br \/>\nRMCE will ramp up testing to cover the APEI\/IOC countries if there is demand.<\/p>\n<p><strong>3. Tracing<\/strong><br \/>\nTesting is necessary but far from sufficient.&nbsp; It would be useful to share ideas on how countries are approaching this issue.<\/p>\n<p><strong>4.&nbsp;<\/strong><strong>Personal Protective Equipment (PPE)<\/strong><br \/>\nPPE is in short supply and needed for both the general public (masks and gloves) and health workers (masks, gloves and gowns). RMCE will explore how each country can ramp up supplies and how those with extra capacity could supply regional partners with a remaining gap.<\/p>\n<p>&nbsp;<\/p>\n<div>\n<p><strong>ASSISTANCE AUX PAYS DE L\u2019APEI ET DE LA COI POUR UN RECOUVREMENT POST COVID 19<\/strong><\/p>\n<p>Actuellement, tous les pays africains sont touch\u00e9s par le COVID 19. Compte tenu des contraintes de nos pays, il est n\u00e9cessaire que les pays du Programme acc\u00e9l\u00e9r\u00e9 d&#8217;int\u00e9gration \u00e9conomique (APEI) et de la Commission de l&#8217;oc\u00e9an Indien (COI) travaillent ensemble pour \u00e9laborer des r\u00e9ponses cibl\u00e9es et cr\u00e9atives avec le soutien des partenaires au d\u00e9veloppement.<\/p>\n<p>Le RMCE collabore avec la Banque mondiale pour permettre aux pays de l&#8217;APEI et de la COI d&#8217;agir rapidement pour contenir l&#8217;\u00e9pid\u00e9mie et renforcer leur syst\u00e8me de sant\u00e9 tout en soutenant les plus vuln\u00e9rables.<\/p>\n<p>Le RMCE travaillera avec les chefs d&#8217;\u00e9quipe de la Banque mondiale, les missions r\u00e9sidentes et les repr\u00e9sentants des pays d\u00e9sign\u00e9s pour valider la capacit\u00e9 du secteur priv\u00e9 dans les diff\u00e9rents pays \u00e0 combler les diverses lacunes qui peuvent exister dans les tests et les \u00e9quipements de protection individuelle (EPI). Il cherchera \u00e0 rechercher du secteur priv\u00e9 des r\u00e9ponses suppl\u00e9mentaires pour combler les lacunes identifi\u00e9es. Une solution r\u00e9gionale sera plus efficace que si chaque pays travaille seul et pourra permettre des synergies si les pics dans diff\u00e9rents pays surviennent \u00e0 des moments diff\u00e9rents.<\/p>\n<p>Le RMCE, avec le soutien de la Banque mondiale, fournira les informations suivantes au pays int\u00e9ress\u00e9<\/p>\n<\/div>\n<div>\n<p><strong>1. Apprentissage par les pairs et soutien des pairs<\/strong><br \/>\nCeci serait organis\u00e9 par le RMCE pour apprendre les uns des autres ce qui fonctionne dans la r\u00e9ouverture post-COVID. Le RMCE entreprend une collaboration priv\u00e9e\/publique qui pourrait \u00eatre utile \u00e0 d&#8217;autres<\/p>\n<p><strong>2. Tests<\/strong><br \/>\nLe RMCE &nbsp;&nbsp;intensifiera &nbsp;la production de tests pour couvrir les pays de l\u2019APEI et de la CIO en cas de demande.<\/p>\n<p><strong>3. Tra\u00e7age<\/strong><br \/>\nLes tests sont n\u00e9cessaires mais loin d&#8217;\u00eatre suffisants. Il serait utile de partager des id\u00e9es sur la fa\u00e7on dont les pays abordent cette question.<\/p>\n<p><strong>4. \u00c9quipement de protection individuelle (EPI)<\/strong><br \/>\nLes EPI sont rares et n\u00e9cessaires \u00e0 la fois au grand public (masques et gants) et aux agents de sant\u00e9 (masques, gants et blouses). Le RMCE va explorer comment chaque pays peut augmenter ses approvisionnements et ceux qui disposent de capacit\u00e9s suppl\u00e9mentaires pourraient combler les lacunes des partenaires r\u00e9gionaux.<\/p>\n<\/div>\n<\/div>\n<p>[\/vc_column_text][\/vc_column][\/vc_row]<\/p>\n","protected":false},"excerpt":{"rendered":"<p>[vc_row css=&#8221;.vc_custom_1611301667900{margin-bottom: 20px !important;}&#8221;][vc_column width=&#8221;1\/4&#8243; css=&#8221;.vc_custom_1611301683904{margin-bottom: 20px !important;}&#8221;][\/vc_column][vc_column css_animation=&#8221;slideInDown&#8221; width=&#8221;1\/2&#8243; css=&#8221;.vc_custom_1611301700448{margin-bottom: 20px !important;}&#8221;][vc_column_text] Tender for sale of furniture [\/vc_column_text][\/vc_column][vc_column width=&#8221;1\/4&#8243; css=&#8221;.vc_custom_1611301711376{margin-bottom: 20px !important;}&#8221;][\/vc_column][\/vc_row][vc_row css=&#8221;.vc_custom_1611301667900{margin-bottom: 20px !important;}&#8221;][vc_column width=&#8221;1\/4&#8243; css=&#8221;.vc_custom_1611301683904{margin-bottom: 20px !important;}&#8221;][vc_single_image image=&#8221;343&#8243; img_size=&#8221;189&#215;157&#8243; alignment=&#8221;center&#8221; style=&#8221;vc_box_rounded&#8221; onclick=&#8221;custom_link&#8221; css_animation=&#8221;slideInLeft&#8221; link=&#8221;\/rmce\/?page_id=89&#8243;][\/vc_column][vc_column css_animation=&#8221;slideInDown&#8221; width=&#8221;1\/2&#8243; css=&#8221;.vc_custom_1611301700448{margin-bottom: 20px !important;}&#8221;][vc_gallery type=&#8221;flexslider_slide&#8221; interval=&#8221;5&#8243; images=&#8221;19,20&#8243; img_size=&#8221;large&#8221; css_animation=&#8221;slideInDown&#8221;][\/vc_column][vc_column width=&#8221;1\/4&#8243; css=&#8221;.vc_custom_1611301711376{margin-bottom: 20px !important;}&#8221;][vc_single_image image=&#8221;21&#8243; img_size=&#8221;136&#215;157&#8243; alignment=&#8221;center&#8221; style=&#8221;vc_box_rounded&#8221; [&hellip;]<\/p>\n","protected":false},"author":1,"featured_media":0,"parent":0,"menu_order":0,"comment_status":"closed","ping_status":"closed","template":"","meta":{"ngg_post_thumbnail":0,"footnotes":""},"class_list":["post-5","page","type-page","status-publish","hentry"],"_links":{"self":[{"href":"https:\/\/rmce.govmu.org\/rmce\/index.php?rest_route=\/wp\/v2\/pages\/5","targetHints":{"allow":["GET"]}}],"collection":[{"href":"https:\/\/rmce.govmu.org\/rmce\/index.php?rest_route=\/wp\/v2\/pages"}],"about":[{"href":"https:\/\/rmce.govmu.org\/rmce\/index.php?rest_route=\/wp\/v2\/types\/page"}],"author":[{"embeddable":true,"href":"https:\/\/rmce.govmu.org\/rmce\/index.php?rest_route=\/wp\/v2\/users\/1"}],"replies":[{"embeddable":true,"href":"https:\/\/rmce.govmu.org\/rmce\/index.php?rest_route=%2Fwp%2Fv2%2Fcomments&post=5"}],"version-history":[{"count":40,"href":"https:\/\/rmce.govmu.org\/rmce\/index.php?rest_route=\/wp\/v2\/pages\/5\/revisions"}],"predecessor-version":[{"id":490,"href":"https:\/\/rmce.govmu.org\/rmce\/index.php?rest_route=\/wp\/v2\/pages\/5\/revisions\/490"}],"wp:attachment":[{"href":"https:\/\/rmce.govmu.org\/rmce\/index.php?rest_route=%2Fwp%2Fv2%2Fmedia&parent=5"}],"curies":[{"name":"wp","href":"https:\/\/api.w.org\/{rel}","templated":true}]}}