{"id":41,"date":"2021-01-18T09:09:54","date_gmt":"2021-01-18T09:09:54","guid":{"rendered":"https:\/\/goc2020.govmu.org\/rmce\/?page_id=41"},"modified":"2021-01-21T05:47:55","modified_gmt":"2021-01-21T05:47:55","slug":"covid-19-response","status":"publish","type":"page","link":"https:\/\/rmce.govmu.org\/rmce\/?page_id=41","title":{"rendered":"COVID-19 Response"},"content":{"rendered":"<p>[vc_row css=&#8221;.vc_custom_1611035288727{margin-bottom: 30px !important;}&#8221;][vc_column][vc_single_image image=&#8221;121&#8243; img_size=&#8221;large&#8221; alignment=&#8221;center&#8221; onclick=&#8221;link_image&#8221; css_animation=&#8221;slideInLeft&#8221;][\/vc_column][\/vc_row][vc_row css_animation=&#8221;slideInRight&#8221; css=&#8221;.vc_custom_1611036420071{margin-bottom: 30px !important;}&#8221;][vc_column width=&#8221;2\/3&#8243;][vc_column_text css=&#8221;.vc_custom_1611036022815{margin-right: 30px !important;}&#8221;]<\/p>\n<p style=\"color: #000000; text-align: justify;\" align=\"left\">The Regional Multidisciplinary Centre of Excellence (RMCE) is dedicated to building capacity of African nations towards effective economic integration for an inclusive and continent-wide socio-economic development.<\/p>\n<p style=\"color: #000000; text-align: justify;\" align=\"left\">The RMCE is collaborating with the World Bank in addressing the pandemic, starting in these countries: Comoros, Madagascar, Malawi, Mauritius, Mozambique, Reunion, Seychelles, Zambia.<\/p>\n<p style=\"color: #000000; text-align: justify;\" align=\"left\">The objective is to promote regional cooperation and a regional approach to building solutions for both the private and public sector in their response to COVID-19.<\/p>\n<p style=\"color: #000000; text-align: justify;\" align=\"left\">The aim of this initiative is to collect data from suppliers to build a database of COVID-19 supplies. This will enable B2B connection between supply and demand and eventually, feed into wider procurement portals from international organisations. \u200b<\/p>\n<p style=\"text-align: center;\"><a href=\"https:\/\/tradeanalytics.app\/documents\/Privacy-Policy-Confidentiality-Statement.pdf\" target=\"_blank\" rel=\"noopener noreferrer\">Privacy Policy and Confidentiality Statement<\/a>&nbsp;\u200b<\/p>\n<p style=\"color: #000000; text-align: justify;\" align=\"left\">Le Centre Regional Multidisciplinaire d\u2019Excellence (CRME) est d\u00e9di\u00e9 au renforcement des capacit\u00e9s des \u00e9tats africains vers une int\u00e9gration \u00e9conomique efficace pour un d\u00e9veloppement socio-\u00e9conomique inclusif au niveau du continent. \u200b<\/p>\n<p style=\"color: #000000; text-align: justify;\" align=\"left\">Le CRME collabore avec la Banque Mondiale pour lutter contre la pand\u00e9mie, \u00e0 commencer par ces pays: Comores, Madagascar, Malawi, Maurice, Mozambique, R\u00e9union, Seychelles, Zambie \u200b<\/p>\n<p style=\"color: #000000; text-align: justify;\" align=\"left\">L&#8217;objectif est de promouvoir la coop\u00e9ration r\u00e9gionale et une approche r\u00e9gionale pour \u00e9laborer des solutions tant pour le secteur priv\u00e9 que public en r\u00e9action au COVID-19. \u200b<\/p>\n<p style=\"color: #000000; text-align: justify;\" align=\"left\">Le but de cette initiative est de collecter des donn\u00e9es aupr\u00e8s des fournisseurs pour constituer une base de donn\u00e9es des produits li\u00e9es au COVID-19. Cela permettra une connexion B2B entre l&#8217;offre et la demande et, \u00e0 terme, alimentera des portails d&#8217;approvisionnement plus larges d&#8217;organisations internationales. \u200b<\/p>\n<p>[\/vc_column_text][\/vc_column][vc_column width=&#8221;1\/3&#8243;][vc_column_text]<\/p>\n<p style=\"color: #000000; text-align: justify;\" align=\"left\">Suppliers are invited to register and submit PPE, medical equipment and testing kits<\/p>\n<p style=\"text-align: center;\"><a href=\"https:\/\/tradeanalytics.app\/regional-response-covid-19\" target=\"_blank\" rel=\"noopener noreferrer\"><strong>Click here to register<\/strong><\/a><\/p>\n<p>[\/vc_column_text][\/vc_column][\/vc_row][vc_row][vc_column][vc_separator color=&#8221;chino&#8221;][\/vc_column][\/vc_row][vc_row css_animation=&#8221;slideInRight&#8221; css=&#8221;.vc_custom_1611208069585{margin-top: 30px !important;}&#8221;][vc_column][vc_column_text]<\/p>\n<p style=\"color: #000000; text-align: center;\">For any queries, please contact the RMCE at&nbsp;<a href=\"mailto:oic@rmce.org.mu\">oic@rmce.org.mu<\/a><\/p>\n<p>[\/vc_column_text][\/vc_column][\/vc_row]<\/p>\n","protected":false},"excerpt":{"rendered":"<p>[vc_row css=&#8221;.vc_custom_1611035288727{margin-bottom: 30px !important;}&#8221;][vc_column][vc_single_image image=&#8221;121&#8243; img_size=&#8221;large&#8221; alignment=&#8221;center&#8221; onclick=&#8221;link_image&#8221; css_animation=&#8221;slideInLeft&#8221;][\/vc_column][\/vc_row][vc_row css_animation=&#8221;slideInRight&#8221; css=&#8221;.vc_custom_1611036420071{margin-bottom: 30px !important;}&#8221;][vc_column width=&#8221;2\/3&#8243;][vc_column_text css=&#8221;.vc_custom_1611036022815{margin-right: 30px !important;}&#8221;] The Regional Multidisciplinary Centre of Excellence (RMCE) is dedicated to building capacity of African nations towards effective economic integration for an inclusive and continent-wide socio-economic development. The RMCE is collaborating with the World Bank in addressing the pandemic, [&hellip;]<\/p>\n","protected":false},"author":1,"featured_media":0,"parent":0,"menu_order":0,"comment_status":"closed","ping_status":"closed","template":"","meta":{"ngg_post_thumbnail":0,"footnotes":""},"class_list":["post-41","page","type-page","status-publish","hentry"],"_links":{"self":[{"href":"https:\/\/rmce.govmu.org\/rmce\/index.php?rest_route=\/wp\/v2\/pages\/41","targetHints":{"allow":["GET"]}}],"collection":[{"href":"https:\/\/rmce.govmu.org\/rmce\/index.php?rest_route=\/wp\/v2\/pages"}],"about":[{"href":"https:\/\/rmce.govmu.org\/rmce\/index.php?rest_route=\/wp\/v2\/types\/page"}],"author":[{"embeddable":true,"href":"https:\/\/rmce.govmu.org\/rmce\/index.php?rest_route=\/wp\/v2\/users\/1"}],"replies":[{"embeddable":true,"href":"https:\/\/rmce.govmu.org\/rmce\/index.php?rest_route=%2Fwp%2Fv2%2Fcomments&post=41"}],"version-history":[{"count":6,"href":"https:\/\/rmce.govmu.org\/rmce\/index.php?rest_route=\/wp\/v2\/pages\/41\/revisions"}],"predecessor-version":[{"id":334,"href":"https:\/\/rmce.govmu.org\/rmce\/index.php?rest_route=\/wp\/v2\/pages\/41\/revisions\/334"}],"wp:attachment":[{"href":"https:\/\/rmce.govmu.org\/rmce\/index.php?rest_route=%2Fwp%2Fv2%2Fmedia&parent=41"}],"curies":[{"name":"wp","href":"https:\/\/api.w.org\/{rel}","templated":true}]}}